{"id":39,"date":"2024-03-11T15:56:07","date_gmt":"2024-03-11T18:56:07","guid":{"rendered":"https:\/\/williedev.com.br\/marasilvanutri\/?page_id=39"},"modified":"2024-03-14T13:30:32","modified_gmt":"2024-03-14T16:30:32","slug":"blog","status":"publish","type":"page","link":"https:\/\/williedev.com.br\/marasilvanutri\/blog\/","title":{"rendered":"Blog"},"content":{"rendered":"\t\t<div data-elementor-type=\"wp-page\" data-elementor-id=\"39\" class=\"elementor elementor-39\" data-elementor-post-type=\"page\">\n\t\t\t\t<div class=\"elementor-element elementor-element-9bc49d2 e-flex e-con-boxed e-con e-parent\" data-id=\"9bc49d2\" data-element_type=\"container\" data-e-type=\"container\" data-settings=\"{&quot;background_background&quot;:&quot;classic&quot;}\">\n\t\t\t\t\t<div class=\"e-con-inner\">\n\t\t\t\t<div class=\"elementor-element elementor-element-27fbd3f elementor-widget elementor-widget-heading\" data-id=\"27fbd3f\" data-element_type=\"widget\" data-e-type=\"widget\" data-widget_type=\"heading.default\">\n\t\t\t\t<div class=\"elementor-widget-container\">\n\t\t\t\t\t<h2 class=\"elementor-heading-title elementor-size-default\">Blog<\/h2>\t\t\t\t<\/div>\n\t\t\t\t<\/div>\n\t\t\t\t<div class=\"elementor-element elementor-element-a897aa2 elementor-widget-divider--view-line elementor-widget elementor-widget-divider\" data-id=\"a897aa2\" data-element_type=\"widget\" data-e-type=\"widget\" data-widget_type=\"divider.default\">\n\t\t\t\t<div class=\"elementor-widget-container\">\n\t\t\t\t\t\t\t<div class=\"elementor-divider\">\n\t\t\t<span class=\"elementor-divider-separator\">\n\t\t\t\t\t\t<\/span>\n\t\t<\/div>\n\t\t\t\t\t\t<\/div>\n\t\t\t\t<\/div>\n\t\t\t\t<div class=\"elementor-element elementor-element-8c2d780 elementor-widget elementor-widget-text-editor\" data-id=\"8c2d780\" data-element_type=\"widget\" data-e-type=\"widget\" data-widget_type=\"text-editor.default\">\n\t\t\t\t<div class=\"elementor-widget-container\">\n\t\t\t\t\t\t\t\t\tMantenha-se atualizado, fique por dentro das nossas dicas\t\t\t\t\t\t\t\t<\/div>\n\t\t\t\t<\/div>\n\t\t\t\t\t<\/div>\n\t\t\t\t<\/div>\n\t\t<div class=\"elementor-element elementor-element-5ed4b07 e-flex e-con-boxed e-con e-parent\" data-id=\"5ed4b07\" data-element_type=\"container\" data-e-type=\"container\" data-settings=\"{&quot;background_background&quot;:&quot;classic&quot;}\">\n\t\t\t\t\t<div class=\"e-con-inner\">\n\t\t<div class=\"elementor-element elementor-element-d68834c e-con-full e-flex e-con e-child\" data-id=\"d68834c\" data-element_type=\"container\" data-e-type=\"container\">\n\t\t\t\t<div class=\"elementor-element elementor-element-8f3e080 elementor-grid-2 elementor-grid-tablet-1 elementor-grid-mobile-1 elementor-posts--thumbnail-top elementor-card-shadow-yes elementor-posts__hover-gradient elementor-invisible elementor-widget elementor-widget-posts\" data-id=\"8f3e080\" data-element_type=\"widget\" data-e-type=\"widget\" data-settings=\"{&quot;_animation&quot;:&quot;fadeIn&quot;,&quot;cards_columns&quot;:&quot;2&quot;,&quot;pagination_type&quot;:&quot;numbers_and_prev_next&quot;,&quot;cards_columns_tablet&quot;:&quot;1&quot;,&quot;cards_columns_mobile&quot;:&quot;1&quot;,&quot;cards_row_gap&quot;:{&quot;unit&quot;:&quot;px&quot;,&quot;size&quot;:35,&quot;sizes&quot;:[]},&quot;cards_row_gap_tablet&quot;:{&quot;unit&quot;:&quot;px&quot;,&quot;size&quot;:&quot;&quot;,&quot;sizes&quot;:[]},&quot;cards_row_gap_mobile&quot;:{&quot;unit&quot;:&quot;px&quot;,&quot;size&quot;:&quot;&quot;,&quot;sizes&quot;:[]}}\" data-widget_type=\"posts.cards\">\n\t\t\t\t<div class=\"elementor-widget-container\">\n\t\t\t\t\t\t\t<div class=\"elementor-posts-container elementor-posts elementor-posts--skin-cards elementor-grid\" role=\"list\">\n\t\t\t\t<article class=\"elementor-post elementor-grid-item post-460 post type-post status-publish format-standard has-post-thumbnail hentry category-receitas\" role=\"listitem\">\n\t\t\t<div class=\"elementor-post__card\">\n\t\t\t\t<a class=\"elementor-post__thumbnail__link\" href=\"https:\/\/williedev.com.br\/marasilvanutri\/5-dicas-para-uma-lancheira-saudavel-2-2\/\" tabindex=\"-1\" ><div class=\"elementor-post__thumbnail\"><img fetchpriority=\"high\" decoding=\"async\" width=\"819\" height=\"796\" src=\"https:\/\/williedev.com.br\/marasilvanutri\/wp-content\/uploads\/2024\/03\/Captura-de-tela-2024-03-12-160419.png\" class=\"attachment-full size-full wp-image-462\" alt=\"\" srcset=\"https:\/\/williedev.com.br\/marasilvanutri\/wp-content\/uploads\/2024\/03\/Captura-de-tela-2024-03-12-160419.png 819w, https:\/\/williedev.com.br\/marasilvanutri\/wp-content\/uploads\/2024\/03\/Captura-de-tela-2024-03-12-160419-300x292.png 300w, https:\/\/williedev.com.br\/marasilvanutri\/wp-content\/uploads\/2024\/03\/Captura-de-tela-2024-03-12-160419-768x746.png 768w\" sizes=\"(max-width: 819px) 100vw, 819px\" \/><\/div><\/a>\n\t\t\t\t<div class=\"elementor-post__badge\">Receitas<\/div>\n\t\t\t\t<div class=\"elementor-post__text\">\n\t\t\t\t<h3 class=\"elementor-post__title\">\n\t\t\t<a href=\"https:\/\/williedev.com.br\/marasilvanutri\/5-dicas-para-uma-lancheira-saudavel-2-2\/\" >\n\t\t\t\tDrink menos cal\u00f3rico\t\t\t<\/a>\n\t\t<\/h3>\n\t\t\t\t<div class=\"elementor-post__excerpt\">\n\t\t\t<p>Bora de drink \ud83c\udf79 pra fechar o&nbsp;#carnaval2024 E voc\u00ea pode fazer com ou sem \u00e1lcool\u202610 uvas sem sementes50 ml de vodka\u00c1gua de coco ou \u00e1gua com g\u00e1sBastante gelo \ud83e\uddca.Amasse as uvas e coloque numa ta\u00e7a bemmm bonita, capriche no gelo, adicione a dose de vodka (ou n\u00e3o, se preferir sem<\/p>\n\t\t<\/div>\n\t\t\n\t\t<a class=\"elementor-post__read-more\" href=\"https:\/\/williedev.com.br\/marasilvanutri\/5-dicas-para-uma-lancheira-saudavel-2-2\/\" aria-label=\"Read more about Drink menos cal\u00f3rico\" tabindex=\"-1\" >\n\t\t\tContinue Lendo \u00bb\t\t<\/a>\n\n\t\t\t\t<\/div>\n\t\t\t\t<div class=\"elementor-post__meta-data\">\n\t\t\t\t\t<span class=\"elementor-post-date\">\n\t\t\t12 de mar\u00e7o de 2024\t\t<\/span>\n\t\t\t\t<\/div>\n\t\t\t\t\t<\/div>\n\t\t<\/article>\n\t\t\t\t<article class=\"elementor-post elementor-grid-item post-457 post type-post status-publish format-standard has-post-thumbnail hentry category-saude-e-bem-estar\" role=\"listitem\">\n\t\t\t<div class=\"elementor-post__card\">\n\t\t\t\t<a class=\"elementor-post__thumbnail__link\" href=\"https:\/\/williedev.com.br\/marasilvanutri\/5-dicas-para-uma-lancheira-saudavel-2\/\" tabindex=\"-1\" ><div class=\"elementor-post__thumbnail\"><img decoding=\"async\" width=\"820\" height=\"816\" src=\"https:\/\/williedev.com.br\/marasilvanutri\/wp-content\/uploads\/2024\/03\/Captura-de-tela-2024-03-12-160217.png\" class=\"attachment-full size-full wp-image-458\" alt=\"\" srcset=\"https:\/\/williedev.com.br\/marasilvanutri\/wp-content\/uploads\/2024\/03\/Captura-de-tela-2024-03-12-160217.png 820w, https:\/\/williedev.com.br\/marasilvanutri\/wp-content\/uploads\/2024\/03\/Captura-de-tela-2024-03-12-160217-300x300.png 300w, https:\/\/williedev.com.br\/marasilvanutri\/wp-content\/uploads\/2024\/03\/Captura-de-tela-2024-03-12-160217-150x150.png 150w, https:\/\/williedev.com.br\/marasilvanutri\/wp-content\/uploads\/2024\/03\/Captura-de-tela-2024-03-12-160217-768x764.png 768w\" sizes=\"(max-width: 820px) 100vw, 820px\" \/><\/div><\/a>\n\t\t\t\t<div class=\"elementor-post__badge\">Sa\u00fade e Bem-Estar<\/div>\n\t\t\t\t<div class=\"elementor-post__text\">\n\t\t\t\t<h3 class=\"elementor-post__title\">\n\t\t\t<a href=\"https:\/\/williedev.com.br\/marasilvanutri\/5-dicas-para-uma-lancheira-saudavel-2\/\" >\n\t\t\t\tAcordou de ressaca?\t\t\t<\/a>\n\t\t<\/h3>\n\t\t\t\t<div class=\"elementor-post__excerpt\">\n\t\t\t<p>Hidrata\u00e7\u00e3o \u00e9 a prioridade \ud83d\udca6 Beba bastante \u00e1gua. Invista em sucos naturais, frutas com maior teor de \u00e1gua (melancia, mel\u00e3o, morango, abacaxi\u2026). Pode incluir mel, a\u00e7a\u00ed, caldo de cana, refei\u00e7\u00f5es leves, caf\u00e9 e muito repouso.<\/p>\n\t\t<\/div>\n\t\t\n\t\t<a class=\"elementor-post__read-more\" href=\"https:\/\/williedev.com.br\/marasilvanutri\/5-dicas-para-uma-lancheira-saudavel-2\/\" aria-label=\"Read more about Acordou de ressaca?\" tabindex=\"-1\" >\n\t\t\tContinue Lendo \u00bb\t\t<\/a>\n\n\t\t\t\t<\/div>\n\t\t\t\t<div class=\"elementor-post__meta-data\">\n\t\t\t\t\t<span class=\"elementor-post-date\">\n\t\t\t12 de mar\u00e7o de 2024\t\t<\/span>\n\t\t\t\t<\/div>\n\t\t\t\t\t<\/div>\n\t\t<\/article>\n\t\t\t\t<article class=\"elementor-post elementor-grid-item post-428 post type-post status-publish format-standard has-post-thumbnail hentry category-dicas-e-novidades\" role=\"listitem\">\n\t\t\t<div class=\"elementor-post__card\">\n\t\t\t\t<a class=\"elementor-post__thumbnail__link\" href=\"https:\/\/williedev.com.br\/marasilvanutri\/5-dicas-para-uma-lancheira-saudavel\/\" tabindex=\"-1\" ><div class=\"elementor-post__thumbnail\"><img decoding=\"async\" width=\"821\" height=\"805\" src=\"https:\/\/williedev.com.br\/marasilvanutri\/wp-content\/uploads\/2024\/03\/Captura-de-tela-2024-03-12-152536-e1710272213325.png\" class=\"attachment-full size-full wp-image-434\" alt=\"\" srcset=\"https:\/\/williedev.com.br\/marasilvanutri\/wp-content\/uploads\/2024\/03\/Captura-de-tela-2024-03-12-152536-e1710272213325.png 821w, https:\/\/williedev.com.br\/marasilvanutri\/wp-content\/uploads\/2024\/03\/Captura-de-tela-2024-03-12-152536-e1710272213325-300x294.png 300w, https:\/\/williedev.com.br\/marasilvanutri\/wp-content\/uploads\/2024\/03\/Captura-de-tela-2024-03-12-152536-e1710272213325-768x753.png 768w\" sizes=\"(max-width: 821px) 100vw, 821px\" \/><\/div><\/a>\n\t\t\t\t<div class=\"elementor-post__badge\">Dicas e Novidades<\/div>\n\t\t\t\t<div class=\"elementor-post__text\">\n\t\t\t\t<h3 class=\"elementor-post__title\">\n\t\t\t<a href=\"https:\/\/williedev.com.br\/marasilvanutri\/5-dicas-para-uma-lancheira-saudavel\/\" >\n\t\t\t\t5 dicas para uma lancheira sa\u00fadavel\t\t\t<\/a>\n\t\t<\/h3>\n\t\t\t\t<div class=\"elementor-post__excerpt\">\n\t\t\t<p>1. Prefira lanches preparados em casa aos comprados prontos. Assim, voc\u00ea consegue dosar a quantidade de sal, a\u00e7\u00facar, \u00f3leo, etc, al\u00e9m de garantir o frescor dos ingredientes.2. Busque sempre incluir uma fruta, aumentando assim o consumo de fibras, vitaminas e sais mineirais.3. Evite bebeidas ado\u00e7adas &#8211; deixe elas para ocasi\u00f5es<\/p>\n\t\t<\/div>\n\t\t\n\t\t<a class=\"elementor-post__read-more\" href=\"https:\/\/williedev.com.br\/marasilvanutri\/5-dicas-para-uma-lancheira-saudavel\/\" aria-label=\"Read more about 5 dicas para uma lancheira sa\u00fadavel\" tabindex=\"-1\" >\n\t\t\tContinue Lendo \u00bb\t\t<\/a>\n\n\t\t\t\t<\/div>\n\t\t\t\t<div class=\"elementor-post__meta-data\">\n\t\t\t\t\t<span class=\"elementor-post-date\">\n\t\t\t12 de mar\u00e7o de 2024\t\t<\/span>\n\t\t\t\t<\/div>\n\t\t\t\t\t<\/div>\n\t\t<\/article>\n\t\t\t\t<\/div>\n\t\t\n\t\t\t\t\t\t<\/div>\n\t\t\t\t<\/div>\n\t\t\t\t<\/div>\n\t\t<div class=\"elementor-element elementor-element-6da8cc6 e-con-full e-flex e-con e-child\" data-id=\"6da8cc6\" data-element_type=\"container\" data-e-type=\"container\">\n\t\t\t\t<div class=\"elementor-element elementor-element-1f84f5f elementor-widget elementor-widget-heading\" data-id=\"1f84f5f\" data-element_type=\"widget\" data-e-type=\"widget\" data-widget_type=\"heading.default\">\n\t\t\t\t<div class=\"elementor-widget-container\">\n\t\t\t\t\t<h2 class=\"elementor-heading-title elementor-size-default\">Categorias<\/h2>\t\t\t\t<\/div>\n\t\t\t\t<\/div>\n\t\t\t\t<div class=\"elementor-element elementor-element-5ccfe25 elementor-widget elementor-widget-upk-post-category\" data-id=\"5ccfe25\" data-element_type=\"widget\" data-e-type=\"widget\" data-widget_type=\"upk-post-category.default\">\n\t\t\t\t<div class=\"elementor-widget-container\">\n\t\t\t\t\t\t\t\t<div class=\"upk-post-category upk-category-style-1\">\n\t\t\t\t\n\t\t\t\t\t<a class=\"upk-category-item\" href=\"https:\/\/williedev.com.br\/marasilvanutri\/category\/alimentacao-saudavel\/\">\n\t\t\t\t\t\t<!-- display image  -->\n\t\t\t\t\t\t\t\t\t\t\t\t<div class=\"upk-content\">\n\t\t\t\t\t\t\t<span class=\"upk-category-name\">\n\t\t\t\t\t\t\t\tAlimenta\u00e7\u00e3o Saud\u00e1vel\t\t\t\t\t\t\t<\/span>\n\n\t\t\t\t\t\t\t\n\t\t\t\t\t\t\t\n\t\t\t\t\t\t\t\t<span class=\"upk-category-count\">\n\t\t\t\t\t\t\t\t\t0\t\t\t\t\t\t\t\t<\/span>\n\t\t\t\t\t\t\t\t\t\t\t\t\t<\/div>\n\n\t\t\t\t\t\t\n\t\t\t\t\t<\/a>\n\t\t\t\t\t\n\t\t\t\t\t<a class=\"upk-category-item\" href=\"https:\/\/williedev.com.br\/marasilvanutri\/category\/dicas-e-novidades\/\">\n\t\t\t\t\t\t<!-- display image  -->\n\t\t\t\t\t\t\t\t\t\t\t\t<div class=\"upk-content\">\n\t\t\t\t\t\t\t<span class=\"upk-category-name\">\n\t\t\t\t\t\t\t\tDicas e Novidades\t\t\t\t\t\t\t<\/span>\n\n\t\t\t\t\t\t\t\n\t\t\t\t\t\t\t\n\t\t\t\t\t\t\t\t<span class=\"upk-category-count\">\n\t\t\t\t\t\t\t\t\t1\t\t\t\t\t\t\t\t<\/span>\n\t\t\t\t\t\t\t\t\t\t\t\t\t<\/div>\n\n\t\t\t\t\t\t\n\t\t\t\t\t<\/a>\n\t\t\t\t\t\n\t\t\t\t\t<a class=\"upk-category-item\" href=\"https:\/\/williedev.com.br\/marasilvanutri\/category\/educacao-nutricional\/\">\n\t\t\t\t\t\t<!-- display image  -->\n\t\t\t\t\t\t\t\t\t\t\t\t<div class=\"upk-content\">\n\t\t\t\t\t\t\t<span class=\"upk-category-name\">\n\t\t\t\t\t\t\t\tEduca\u00e7\u00e3o-Nutricional\t\t\t\t\t\t\t<\/span>\n\n\t\t\t\t\t\t\t\n\t\t\t\t\t\t\t\n\t\t\t\t\t\t\t\t<span class=\"upk-category-count\">\n\t\t\t\t\t\t\t\t\t0\t\t\t\t\t\t\t\t<\/span>\n\t\t\t\t\t\t\t\t\t\t\t\t\t<\/div>\n\n\t\t\t\t\t\t\n\t\t\t\t\t<\/a>\n\t\t\t\t\t\n\t\t\t\t\t<a class=\"upk-category-item\" href=\"https:\/\/williedev.com.br\/marasilvanutri\/category\/estilo-de-vida\/\">\n\t\t\t\t\t\t<!-- display image  -->\n\t\t\t\t\t\t\t\t\t\t\t\t<div class=\"upk-content\">\n\t\t\t\t\t\t\t<span class=\"upk-category-name\">\n\t\t\t\t\t\t\t\tEstilo de Vida\t\t\t\t\t\t\t<\/span>\n\n\t\t\t\t\t\t\t\n\t\t\t\t\t\t\t\n\t\t\t\t\t\t\t\t<span class=\"upk-category-count\">\n\t\t\t\t\t\t\t\t\t0\t\t\t\t\t\t\t\t<\/span>\n\t\t\t\t\t\t\t\t\t\t\t\t\t<\/div>\n\n\t\t\t\t\t\t\n\t\t\t\t\t<\/a>\n\t\t\t\t\t\n\t\t\t\t\t<a class=\"upk-category-item\" href=\"https:\/\/williedev.com.br\/marasilvanutri\/category\/receitas\/\">\n\t\t\t\t\t\t<!-- display image  -->\n\t\t\t\t\t\t\t\t\t\t\t\t<div class=\"upk-content\">\n\t\t\t\t\t\t\t<span class=\"upk-category-name\">\n\t\t\t\t\t\t\t\tReceitas\t\t\t\t\t\t\t<\/span>\n\n\t\t\t\t\t\t\t\n\t\t\t\t\t\t\t\n\t\t\t\t\t\t\t\t<span class=\"upk-category-count\">\n\t\t\t\t\t\t\t\t\t1\t\t\t\t\t\t\t\t<\/span>\n\t\t\t\t\t\t\t\t\t\t\t\t\t<\/div>\n\n\t\t\t\t\t\t\n\t\t\t\t\t<\/a>\n\t\t\t\t\t\n\t\t\t\t\t<a class=\"upk-category-item\" href=\"https:\/\/williedev.com.br\/marasilvanutri\/category\/saude-e-bem-estar\/\">\n\t\t\t\t\t\t<!-- display image  -->\n\t\t\t\t\t\t\t\t\t\t\t\t<div class=\"upk-content\">\n\t\t\t\t\t\t\t<span class=\"upk-category-name\">\n\t\t\t\t\t\t\t\tSa\u00fade e Bem-Estar\t\t\t\t\t\t\t<\/span>\n\n\t\t\t\t\t\t\t\n\t\t\t\t\t\t\t\n\t\t\t\t\t\t\t\t<span class=\"upk-category-count\">\n\t\t\t\t\t\t\t\t\t1\t\t\t\t\t\t\t\t<\/span>\n\t\t\t\t\t\t\t\t\t\t\t\t\t<\/div>\n\n\t\t\t\t\t\t\n\t\t\t\t\t<\/a>\n\t\t\t\t\t\t\t\t<\/div>\n\t\t\t\t\t\t\t<\/div>\n\t\t\t\t<\/div>\n\t\t\t\t<div class=\"elementor-element elementor-element-cc2dad1 elementor-widget elementor-widget-heading\" data-id=\"cc2dad1\" data-element_type=\"widget\" data-e-type=\"widget\" data-widget_type=\"heading.default\">\n\t\t\t\t<div class=\"elementor-widget-container\">\n\t\t\t\t\t<h2 class=\"elementor-heading-title elementor-size-default\">Artigos Recentes<\/h2>\t\t\t\t<\/div>\n\t\t\t\t<\/div>\n\t\t\t\t<div class=\"elementor-element elementor-element-0b104b3 elementor-widget elementor-widget-upk-harold-list\" data-id=\"0b104b3\" data-element_type=\"widget\" data-e-type=\"widget\" data-widget_type=\"upk-harold-list.default\">\n\t\t\t\t<div class=\"elementor-widget-container\">\n\t\t\t\t\t\t\t<div class=\"upk-harold-list upk-ajax-grid\" data-loadmore=\"[]\">\n\t\t\t<div class=\"upk-list-wrap upk-ajax-grid-wrap\">\n\n\t\t\t\t\n\t\t\t\t\t\t\t<div class=\"upk-item\">\n\t\t\t<div class=\"upk-item-box\">\n\t\t\t\t\t\t\t\t\t<div class=\"upk-image-wrap\">\n\t\t\t\t\t\t<img loading=\"lazy\" decoding=\"async\" width=\"819\" height=\"796\" src=\"https:\/\/williedev.com.br\/marasilvanutri\/wp-content\/uploads\/2024\/03\/Captura-de-tela-2024-03-12-160419.png\" class=\"upk-img\" alt=\"Drink menos cal\u00f3rico\" srcset=\"https:\/\/williedev.com.br\/marasilvanutri\/wp-content\/uploads\/2024\/03\/Captura-de-tela-2024-03-12-160419.png 819w, https:\/\/williedev.com.br\/marasilvanutri\/wp-content\/uploads\/2024\/03\/Captura-de-tela-2024-03-12-160419-300x292.png 300w, https:\/\/williedev.com.br\/marasilvanutri\/wp-content\/uploads\/2024\/03\/Captura-de-tela-2024-03-12-160419-768x746.png 768w\" sizes=\"(max-width: 819px) 100vw, 819px\" \/>\t\t\t\t\t<\/div>\n\t\t\t\t\t\t\t\t<div class=\"upk-content\">\n\t\t\t\t\t<div>\n\t\t\t\t\t\t\t\t<div class=\"upk-category\">\n\t\t\t<a href=\"https:\/\/williedev.com.br\/marasilvanutri\/category\/receitas\/\" \n\t\t\t\t\t\t\taria-label=\"Category Receitas\">Receitas<\/a>\t\t<\/div>\n\t\t\t\t\t\t\t<h3 class=\"upk-title\"><a href=\"https:\/\/williedev.com.br\/marasilvanutri\/5-dicas-para-uma-lancheira-saudavel-2-2\/\" title=\"Drink menos cal\u00f3rico\" class=\"title-animation-underline\" aria-label=\"Drink menos cal\u00f3rico\">Drink menos cal\u00f3rico<\/a><\/h3>\t\t\t\t\t\t\t\t\t\t\t<\/div>\n\t\t\t\t<\/div>\n\t\t\t<\/div>\n\t\t<\/div>\n\n\t\n\t\t\t\t\n\t\t\t\t\t\t\t<div class=\"upk-item\">\n\t\t\t<div class=\"upk-item-box\">\n\t\t\t\t\t\t\t\t\t<div class=\"upk-image-wrap\">\n\t\t\t\t\t\t<img loading=\"lazy\" decoding=\"async\" width=\"820\" height=\"816\" src=\"https:\/\/williedev.com.br\/marasilvanutri\/wp-content\/uploads\/2024\/03\/Captura-de-tela-2024-03-12-160217.png\" class=\"upk-img\" alt=\"Acordou de ressaca?\" srcset=\"https:\/\/williedev.com.br\/marasilvanutri\/wp-content\/uploads\/2024\/03\/Captura-de-tela-2024-03-12-160217.png 820w, https:\/\/williedev.com.br\/marasilvanutri\/wp-content\/uploads\/2024\/03\/Captura-de-tela-2024-03-12-160217-300x300.png 300w, https:\/\/williedev.com.br\/marasilvanutri\/wp-content\/uploads\/2024\/03\/Captura-de-tela-2024-03-12-160217-150x150.png 150w, https:\/\/williedev.com.br\/marasilvanutri\/wp-content\/uploads\/2024\/03\/Captura-de-tela-2024-03-12-160217-768x764.png 768w\" sizes=\"(max-width: 820px) 100vw, 820px\" \/>\t\t\t\t\t<\/div>\n\t\t\t\t\t\t\t\t<div class=\"upk-content\">\n\t\t\t\t\t<div>\n\t\t\t\t\t\t\t\t<div class=\"upk-category\">\n\t\t\t<a href=\"https:\/\/williedev.com.br\/marasilvanutri\/category\/saude-e-bem-estar\/\" \n\t\t\t\t\t\t\taria-label=\"Category Sa\u00fade e Bem-Estar\">Sa\u00fade e Bem-Estar<\/a>\t\t<\/div>\n\t\t\t\t\t\t\t<h3 class=\"upk-title\"><a href=\"https:\/\/williedev.com.br\/marasilvanutri\/5-dicas-para-uma-lancheira-saudavel-2\/\" title=\"Acordou de ressaca?\" class=\"title-animation-underline\" aria-label=\"Acordou de ressaca?\">Acordou de ressaca?<\/a><\/h3>\t\t\t\t\t\t\t\t\t\t\t<\/div>\n\t\t\t\t<\/div>\n\t\t\t<\/div>\n\t\t<\/div>\n\n\t\n\t\t\t\t\n\t\t\t\t\t\t\t<div class=\"upk-item\">\n\t\t\t<div class=\"upk-item-box\">\n\t\t\t\t\t\t\t\t\t<div class=\"upk-image-wrap\">\n\t\t\t\t\t\t<img loading=\"lazy\" decoding=\"async\" width=\"821\" height=\"805\" src=\"https:\/\/williedev.com.br\/marasilvanutri\/wp-content\/uploads\/2024\/03\/Captura-de-tela-2024-03-12-152536-e1710272213325.png\" class=\"upk-img\" alt=\"5 dicas para uma lancheira sa\u00fadavel\" srcset=\"https:\/\/williedev.com.br\/marasilvanutri\/wp-content\/uploads\/2024\/03\/Captura-de-tela-2024-03-12-152536-e1710272213325.png 821w, https:\/\/williedev.com.br\/marasilvanutri\/wp-content\/uploads\/2024\/03\/Captura-de-tela-2024-03-12-152536-e1710272213325-300x294.png 300w, https:\/\/williedev.com.br\/marasilvanutri\/wp-content\/uploads\/2024\/03\/Captura-de-tela-2024-03-12-152536-e1710272213325-768x753.png 768w\" sizes=\"(max-width: 821px) 100vw, 821px\" \/>\t\t\t\t\t<\/div>\n\t\t\t\t\t\t\t\t<div class=\"upk-content\">\n\t\t\t\t\t<div>\n\t\t\t\t\t\t\t\t<div class=\"upk-category\">\n\t\t\t<a href=\"https:\/\/williedev.com.br\/marasilvanutri\/category\/dicas-e-novidades\/\" \n\t\t\t\t\t\t\taria-label=\"Category Dicas e Novidades\">Dicas e Novidades<\/a>\t\t<\/div>\n\t\t\t\t\t\t\t<h3 class=\"upk-title\"><a href=\"https:\/\/williedev.com.br\/marasilvanutri\/5-dicas-para-uma-lancheira-saudavel\/\" title=\"5 dicas para uma lancheira sa\u00fadavel\" class=\"title-animation-underline\" aria-label=\"5 dicas para uma lancheira sa\u00fadavel\">5 dicas para uma lancheira sa\u00fadavel<\/a><\/h3>\t\t\t\t\t\t\t\t\t\t\t<\/div>\n\t\t\t\t<\/div>\n\t\t\t<\/div>\n\t\t<\/div>\n\n\t\n\t\t\t\t\t\t\t<\/div>\n\t\t<\/div>\n\n\t\t\n\t\t\t\t\t\t<\/div>\n\t\t\t\t<\/div>\n\t\t\t\t<\/div>\n\t\t\t\t\t<\/div>\n\t\t\t\t<\/div>\n\t\t\t\t<\/div>\n\t\t","protected":false},"excerpt":{"rendered":"<p>Blog Mantenha-se atualizado, fique por dentro das nossas dicas Categorias Alimenta\u00e7\u00e3o Saud\u00e1vel 0 Dicas e Novidades 1 Educa\u00e7\u00e3o-Nutricional 0 Estilo de Vida 0 Receitas 1 Sa\u00fade e Bem-Estar 1 Artigos Recentes Receitas Drink menos cal\u00f3rico Sa\u00fade e Bem-Estar Acordou de ressaca? Dicas e Novidades 5 dicas para uma lancheira sa\u00fadavel<\/p>\n","protected":false},"author":1,"featured_media":0,"parent":0,"menu_order":0,"comment_status":"closed","ping_status":"closed","template":"elementor_header_footer","meta":{"footnotes":""},"class_list":["post-39","page","type-page","status-publish","hentry"],"_links":{"self":[{"href":"https:\/\/williedev.com.br\/marasilvanutri\/wp-json\/wp\/v2\/pages\/39","targetHints":{"allow":["GET"]}}],"collection":[{"href":"https:\/\/williedev.com.br\/marasilvanutri\/wp-json\/wp\/v2\/pages"}],"about":[{"href":"https:\/\/williedev.com.br\/marasilvanutri\/wp-json\/wp\/v2\/types\/page"}],"author":[{"embeddable":true,"href":"https:\/\/williedev.com.br\/marasilvanutri\/wp-json\/wp\/v2\/users\/1"}],"replies":[{"embeddable":true,"href":"https:\/\/williedev.com.br\/marasilvanutri\/wp-json\/wp\/v2\/comments?post=39"}],"version-history":[{"count":28,"href":"https:\/\/williedev.com.br\/marasilvanutri\/wp-json\/wp\/v2\/pages\/39\/revisions"}],"predecessor-version":[{"id":730,"href":"https:\/\/williedev.com.br\/marasilvanutri\/wp-json\/wp\/v2\/pages\/39\/revisions\/730"}],"wp:attachment":[{"href":"https:\/\/williedev.com.br\/marasilvanutri\/wp-json\/wp\/v2\/media?parent=39"}],"curies":[{"name":"wp","href":"https:\/\/api.w.org\/{rel}","templated":true}]}}